{"id":2135,"date":"2023-10-31T11:59:17","date_gmt":"2023-10-31T10:59:17","guid":{"rendered":"https:\/\/bromex.srv19972.microhost.com.pl\/produkt\/szczypiorek\/"},"modified":"2025-08-31T14:53:06","modified_gmt":"2025-08-31T12:53:06","slug":"chives","status":"publish","type":"product","link":"https:\/\/bromex.srv19972.microhost.com.pl\/en\/produkt\/chives\/","title":{"rendered":"Chives"},"content":{"rendered":"<!--themify_builder_content-->\n<div id=\"themify_builder_content-2135\" data-postid=\"2135\" class=\"themify_builder_content themify_builder_content-2135 themify_builder tf_clear\">\n                    <div  data-css_id=\"uwxa541\" data-lazy=\"1\" class=\"module_row themify_builder_row fullwidth tb_uwxa541 tb_first tf_w wow\" data-tf-animation=\"fadeIn\">\n                        <div class=\"row_inner col_align_top tb_col_count_1 tf_box tf_rel\">\n                        <div  data-lazy=\"1\" class=\"module_column tb-column col-full tb_c156541 first\">\n                            <div  data-lazy=\"1\" class=\"module_subrow themify_builder_sub_row tf_w col_align_top tb_col_count_2 tb_na1g541\">\n                <div  data-lazy=\"1\" class=\"module_column sub_column col4-2 tb_juqe541 first\">\n                    <!-- module text -->\n<div  class=\"module module-text tb_oewh541   \" data-lazy=\"1\">\n        <div  class=\"tb_text_wrap\">\n        <h1>Chives<\/h1>\n    <\/div>\n<\/div>\n<!-- \/module text --><!-- module image -->\n<div  class=\"module module-image tb_ebdh889 image-top   tf_mw\" data-lazy=\"1\">\n        <div class=\"image-wrap tf_rel tf_mw\">\n            <img loading=\"lazy\" decoding=\"async\" width=\"600\" height=\"600\" src=\"https:\/\/bromex.srv19972.microhost.com.pl\/wp-content\/uploads\/2023\/10\/zdjecia-16.jpg\" class=\"wp-post-image wp-image-2136\" title=\"zdjecia-16\" alt=\"zdjecia-16\" srcset=\"https:\/\/bromex.srv19972.microhost.com.pl\/wp-content\/uploads\/2023\/10\/zdjecia-16.jpg 600w, https:\/\/bromex.srv19972.microhost.com.pl\/wp-content\/uploads\/2023\/10\/zdjecia-16-300x300.jpg 300w, https:\/\/bromex.srv19972.microhost.com.pl\/wp-content\/uploads\/2023\/10\/zdjecia-16-150x150.jpg 150w, https:\/\/bromex.srv19972.microhost.com.pl\/wp-content\/uploads\/2023\/10\/zdjecia-16-24x24.jpg 24w, https:\/\/bromex.srv19972.microhost.com.pl\/wp-content\/uploads\/2023\/10\/zdjecia-16-36x36.jpg 36w, https:\/\/bromex.srv19972.microhost.com.pl\/wp-content\/uploads\/2023\/10\/zdjecia-16-48x48.jpg 48w, https:\/\/bromex.srv19972.microhost.com.pl\/wp-content\/uploads\/2023\/10\/zdjecia-16-100x100.jpg 100w\" sizes=\"auto, (max-width: 600px) 100vw, 600px\" \/>    \n        <\/div>\n    <!-- \/image-wrap -->\n    \n        <\/div>\n<!-- \/module image --><!-- module text -->\n<div  class=\"module module-text tb_g2y0448   \" data-lazy=\"1\">\n        <div  class=\"tb_text_wrap\">\n        <p>Zdj\u0119cie pogl\u0105dowe<\/p>\n    <\/div>\n<\/div>\n<!-- \/module text -->        <\/div>\n                    <div  data-lazy=\"1\" class=\"module_column sub_column col4-2 tb_eofq542 last\">\n                    <!-- module text -->\n<div  class=\"module module-text tb_odpy542   \" data-lazy=\"1\">\n        <div  class=\"tb_text_wrap\">\n        <p>We offer European chives, whose stems are thicker than those of the Asian variety. Chives are dried with warm air and then sold in the form of flakes, rolls or ground.<\/p>\n    <\/div>\n<\/div>\n<!-- \/module text --><!-- module text -->\n<div  class=\"module module-text tb_eaco542   \" data-lazy=\"1\">\n        <div  class=\"tb_text_wrap\">\n        <p><strong>Oferta:\u00a0<\/strong><br>w postaci rurka lub p\u0142atek<\/p>    <\/div>\n<\/div>\n<!-- \/module text --><!-- module divider -->\n<div  class=\"module tf_mw module-divider tb_twhl542 solid  divider-custom divider-left\" style=\"border-width: 1px;border-color: #82bd4a;margin-top: 20px;margin-bottom: 20px;width: 300px;\" data-lazy=\"1\">\n    <\/div>\n<!-- \/module divider -->\n<!-- module text -->\n<div  class=\"module module-text tb_91nm565   \" data-lazy=\"1\">\n        <div  class=\"tb_text_wrap\">\n        <p><strong>Czysto\u015b\u0107:\u00a0<\/strong><br>standard<\/p>    <\/div>\n<\/div>\n<!-- \/module text --><!-- module divider -->\n<div  class=\"module tf_mw module-divider tb_dnn8861 solid  divider-custom divider-left\" style=\"border-width: 1px;border-color: #82bd4a;margin-top: 20px;margin-bottom: 20px;width: 300px;\" data-lazy=\"1\">\n    <\/div>\n<!-- \/module divider -->\n<!-- module text -->\n<div  class=\"module module-text tb_d8bc542   \" data-lazy=\"1\">\n        <div  class=\"tb_text_wrap\">\n        <p><strong>Pakowanie:<\/strong><br>worek papierowy<\/p>    <\/div>\n<\/div>\n<!-- \/module text --><!-- module divider -->\n<div  class=\"module tf_mw module-divider tb_cmoe614 solid  divider-custom divider-left\" style=\"border-width: 1px;border-color: #82bd4a;margin-top: 20px;margin-bottom: 20px;width: 300px;\" data-lazy=\"1\">\n    <\/div>\n<!-- \/module divider -->\n<!-- module text -->\n<div  class=\"module module-text tb_rodh11   \" data-lazy=\"1\">\n        <div  class=\"tb_text_wrap\">\n        <p><strong>Alergeny:<\/strong><br>bez selera<\/p>    <\/div>\n<\/div>\n<!-- \/module text -->        <\/div>\n                    <\/div>\n                <\/div>\n                        <\/div>\n        <\/div>\n                        <div  data-css_id=\"7wa9542\" data-lazy=\"1\" class=\"module_row themify_builder_row fullwidth tb_7wa9542 tf_w\">\n                        <div class=\"row_inner col_align_top tb_col_count_2 tf_box tf_rel\">\n                        <div  data-lazy=\"1\" class=\"module_column tb-column col4-2 tb_lgr0542 first\">\n                    <!-- module buttons -->\n<div  class=\"module module-buttons tb_rknz542 buttons-horizontal solid  \" data-lazy=\"1\">\n        <div class=\"module-buttons-item tf_in_flx\">\n                        <a href=\"#\" class=\"ui builder_button tf_in_flx transparent\" >\n                                    <em><svg  class=\"tf_fa tf-fas-angle-left\" aria-hidden=\"true\"><use href=\"#tf-fas-angle-left\"><\/use><\/svg><\/em>                                        Poprzedni produkt                                        <\/a>\n                <\/div>\n            <\/div>\n<!-- \/module buttons -->\n        <\/div>\n                    <div  data-lazy=\"1\" class=\"module_column tb-column col4-2 tb_wr1g542 last\">\n                    <!-- module buttons -->\n<div  class=\"module module-buttons tb_snjx542 buttons-horizontal solid  \" data-lazy=\"1\">\n        <div class=\"module-buttons-item tf_in_flx\">\n                        <a href=\"#\" class=\"ui builder_button tf_in_flx transparent\" >\n                                                Nast\u0119pny produkt                                        <em><svg  class=\"tf_fa tf-fas-angle-right\" aria-hidden=\"true\"><use href=\"#tf-fas-angle-right\"><\/use><\/svg><\/em>                            <\/a>\n                <\/div>\n            <\/div>\n<!-- \/module buttons -->\n        <\/div>\n                        <\/div>\n        <\/div>\n        <\/div>\n<!--\/themify_builder_content-->","protected":false},"excerpt":{"rendered":"<p>Chives Zdj\u0119cie pogl\u0105dowe We offer European chives, whose stems are thicker than those of the Asian variety. Chives are dried with warm air and then sold in the form of flakes, rolls or ground. Oferta:\u00a0w postaci rurka lub p\u0142atek Czysto\u015b\u0107:\u00a0standard Pakowanie:worek papierowy Alergeny:bez selera Poprzedni produkt Nast\u0119pny produkt Newsletter Dowiaduj si\u0119 o naszych nowo\u015bciach!<\/p>\n","protected":false},"featured_media":2136,"comment_status":"open","ping_status":"closed","template":"","meta":[],"product_cat":[30],"product_tag":[],"class_list":{"0":"post-2135","1":"product","2":"type-product","3":"status-publish","4":"has-post-thumbnail","6":"product_cat-ziola","7":"has-post-title","8":"has-post-date","9":"has-post-category","10":"has-post-tag","11":"has-post-comment","12":"has-post-author","13":"","15":"first","16":"instock","17":"shipping-taxable","18":"product-type-simple"},"builder_content":"<h1>Chives<\/h1>\n<img src=\"https:\/\/bromex.srv19972.microhost.com.pl\/wp-content\/uploads\/2023\/10\/zdjecia-16.jpg\" title=\"zdjecia-16\" alt=\"zdjecia-16\" srcset=\"https:\/\/bromex.srv19972.microhost.com.pl\/wp-content\/uploads\/2023\/10\/zdjecia-16.jpg 600w, https:\/\/bromex.srv19972.microhost.com.pl\/wp-content\/uploads\/2023\/10\/zdjecia-16-300x300.jpg 300w, https:\/\/bromex.srv19972.microhost.com.pl\/wp-content\/uploads\/2023\/10\/zdjecia-16-150x150.jpg 150w, https:\/\/bromex.srv19972.microhost.com.pl\/wp-content\/uploads\/2023\/10\/zdjecia-16-24x24.jpg 24w, https:\/\/bromex.srv19972.microhost.com.pl\/wp-content\/uploads\/2023\/10\/zdjecia-16-36x36.jpg 36w, https:\/\/bromex.srv19972.microhost.com.pl\/wp-content\/uploads\/2023\/10\/zdjecia-16-48x48.jpg 48w, https:\/\/bromex.srv19972.microhost.com.pl\/wp-content\/uploads\/2023\/10\/zdjecia-16-100x100.jpg 100w\" sizes=\"(max-width: 600px) 100vw, 600px\" \/>\n<p>Zdj\u0119cie pogl\u0105dowe<\/p>\n<p>We offer European chives, whose stems are thicker than those of the Asian variety. Chives are dried with warm air and then sold in the form of flakes, rolls or ground.<\/p>\n<p><strong>Oferta:\u00a0<\/strong><br>w postaci rurka lub p\u0142atek<\/p>\n\n<p><strong>Czysto\u015b\u0107:\u00a0<\/strong><br>standard<\/p>\n\n<p><strong>Pakowanie:<\/strong><br>worek papierowy<\/p>\n\n<p><strong>Alergeny:<\/strong><br>bez selera<\/p>\n<a href=\"#\" > <em><svg aria-hidden=\"true\"><use href=\"#tf-fas-angle-left\"><\/use><\/svg><\/em> Poprzedni produkt <\/a>\n<a href=\"#\" > Nast\u0119pny produkt <em><svg aria-hidden=\"true\"><use href=\"#tf-fas-angle-right\"><\/use><\/svg><\/em> <\/a>\n<p>Newsletter<\/p>\n<p>Dowiaduj si\u0119 o naszych nowo\u015bciach!<\/p>","_links":{"self":[{"href":"https:\/\/bromex.srv19972.microhost.com.pl\/en\/wp-json\/wp\/v2\/product\/2135","targetHints":{"allow":["GET"]}}],"collection":[{"href":"https:\/\/bromex.srv19972.microhost.com.pl\/en\/wp-json\/wp\/v2\/product"}],"about":[{"href":"https:\/\/bromex.srv19972.microhost.com.pl\/en\/wp-json\/wp\/v2\/types\/product"}],"replies":[{"embeddable":true,"href":"https:\/\/bromex.srv19972.microhost.com.pl\/en\/wp-json\/wp\/v2\/comments?post=2135"}],"wp:featuredmedia":[{"embeddable":true,"href":"https:\/\/bromex.srv19972.microhost.com.pl\/en\/wp-json\/wp\/v2\/media\/2136"}],"wp:attachment":[{"href":"https:\/\/bromex.srv19972.microhost.com.pl\/en\/wp-json\/wp\/v2\/media?parent=2135"}],"wp:term":[{"taxonomy":"product_cat","embeddable":true,"href":"https:\/\/bromex.srv19972.microhost.com.pl\/en\/wp-json\/wp\/v2\/product_cat?post=2135"},{"taxonomy":"product_tag","embeddable":true,"href":"https:\/\/bromex.srv19972.microhost.com.pl\/en\/wp-json\/wp\/v2\/product_tag?post=2135"}],"curies":[{"name":"wp","href":"https:\/\/api.w.org\/{rel}","templated":true}]}}