{"id":2175,"date":"2023-10-18T13:39:24","date_gmt":"2023-10-18T11:39:24","guid":{"rendered":"https:\/\/bromex.srv19972.microhost.com.pl\/produkt\/siemie-lniane-brazowe\/"},"modified":"2025-08-31T14:38:12","modified_gmt":"2025-08-31T12:38:12","slug":"brown-linseed","status":"publish","type":"product","link":"https:\/\/bromex.srv19972.microhost.com.pl\/en\/produkt\/brown-linseed\/","title":{"rendered":"Brown linseed"},"content":{"rendered":"<!--themify_builder_content-->\n<div id=\"themify_builder_content-2175\" data-postid=\"2175\" class=\"themify_builder_content themify_builder_content-2175 themify_builder tf_clear\">\n                    <div  data-css_id=\"uwxa541\" data-lazy=\"1\" class=\"module_row themify_builder_row fullwidth tb_uwxa541 tb_first tf_w wow\" data-tf-animation=\"fadeIn\">\n                        <div class=\"row_inner col_align_top tb_col_count_1 tf_box tf_rel\">\n                        <div  data-lazy=\"1\" class=\"module_column tb-column col-full tb_c156541 first\">\n                            <div  data-lazy=\"1\" class=\"module_subrow themify_builder_sub_row tf_w col_align_top tb_col_count_2 tb_na1g541\">\n                <div  data-lazy=\"1\" class=\"module_column sub_column col4-2 tb_juqe541 first\">\n                    <!-- module text -->\n<div  class=\"module module-text tb_oewh541   \" data-lazy=\"1\">\n        <div  class=\"tb_text_wrap\">\n        <h1>Brown linseed<\/h1>\n    <\/div>\n<\/div>\n<!-- \/module text --><!-- module image -->\n<div  class=\"module module-image tb_ebdh889 image-top   tf_mw\" data-lazy=\"1\">\n        <div class=\"image-wrap tf_rel tf_mw\">\n            <img loading=\"lazy\" decoding=\"async\" width=\"558\" height=\"558\" src=\"https:\/\/bromex.srv19972.microhost.com.pl\/wp-content\/uploads\/2023\/10\/zdjecia-13v2.jpg\" class=\"wp-post-image wp-image-2177\" title=\"zdjecia-13v2\" alt=\"zdjecia-13v2\" srcset=\"https:\/\/bromex.srv19972.microhost.com.pl\/wp-content\/uploads\/2023\/10\/zdjecia-13v2.jpg 558w, https:\/\/bromex.srv19972.microhost.com.pl\/wp-content\/uploads\/2023\/10\/zdjecia-13v2-300x300.jpg 300w, https:\/\/bromex.srv19972.microhost.com.pl\/wp-content\/uploads\/2023\/10\/zdjecia-13v2-150x150.jpg 150w, https:\/\/bromex.srv19972.microhost.com.pl\/wp-content\/uploads\/2023\/10\/zdjecia-13v2-24x24.jpg 24w, https:\/\/bromex.srv19972.microhost.com.pl\/wp-content\/uploads\/2023\/10\/zdjecia-13v2-36x36.jpg 36w, https:\/\/bromex.srv19972.microhost.com.pl\/wp-content\/uploads\/2023\/10\/zdjecia-13v2-48x48.jpg 48w, https:\/\/bromex.srv19972.microhost.com.pl\/wp-content\/uploads\/2023\/10\/zdjecia-13v2-100x100.jpg 100w, https:\/\/bromex.srv19972.microhost.com.pl\/wp-content\/uploads\/2023\/10\/zdjecia-13v2-175x175.jpg 175w, https:\/\/bromex.srv19972.microhost.com.pl\/wp-content\/uploads\/2023\/10\/zdjecia-13v2-600x600.jpg 600w\" sizes=\"auto, (max-width: 558px) 100vw, 558px\" \/>    \n        <\/div>\n    <!-- \/image-wrap -->\n    \n        <\/div>\n<!-- \/module image --><!-- module text -->\n<div  class=\"module module-text tb_bohs354   \" data-lazy=\"1\">\n        <div  class=\"tb_text_wrap\">\n        <p>Zdj\u0119cie pogl\u0105dowe<\/p>\n    <\/div>\n<\/div>\n<!-- \/module text -->        <\/div>\n                    <div  data-lazy=\"1\" class=\"module_column sub_column col4-2 tb_eofq542 last\">\n                    <!-- module text -->\n<div  class=\"module module-text tb_odpy542   \" data-lazy=\"1\">\n        <div  class=\"tb_text_wrap\">\n        <p>Linseed &#8211; a natural source of omega-3 and omega-6 fatty acids &#8211; is mainly used in baking and for oil pressing. Brown linseed, like other products offered by Bromex, comes from GMO-free crops.<\/p>\n    <\/div>\n<\/div>\n<!-- \/module text --><!-- module text -->\n<div  class=\"module module-text tb_eaco542   \" data-lazy=\"1\">\n        <div  class=\"tb_text_wrap\">\n        <p><strong>Oferta:\u00a0<\/strong><\/p>\n<ul>\n<li>w postaci nasion<\/li>\n<li>kruszonej<\/li>\n<\/ul>    <\/div>\n<\/div>\n<!-- \/module text --><!-- module divider -->\n<div  class=\"module tf_mw module-divider tb_twhl542 solid  divider-custom divider-left\" style=\"border-width: 1px;border-color: #82bd4a;margin-top: 20px;margin-bottom: 20px;width: 300px;\" data-lazy=\"1\">\n    <\/div>\n<!-- \/module divider -->\n<!-- module text -->\n<div  class=\"module module-text tb_wrlq542   \" data-lazy=\"1\">\n        <div  class=\"tb_text_wrap\">\n        <p><strong>Czysto\u015b\u0107:<\/strong><br>od 98% do 99.9%<\/p>    <\/div>\n<\/div>\n<!-- \/module text --><!-- module divider -->\n<div  class=\"module tf_mw module-divider tb_5zuu542 solid  divider-custom divider-left\" style=\"border-width: 1px;border-color: #82bd4a;margin-top: 20px;margin-bottom: 20px;width: 300px;\" data-lazy=\"1\">\n    <\/div>\n<!-- \/module divider -->\n<!-- module text -->\n<div  class=\"module module-text tb_d8bc542   \" data-lazy=\"1\">\n        <div  class=\"tb_text_wrap\">\n        <p><strong>Pakowanie<\/strong><\/p>\n<ul>\n<li>BB<\/li>\n<li>worki papierowe<\/li>\n<\/ul>    <\/div>\n<\/div>\n<!-- \/module text --><!-- module divider -->\n<div  class=\"module tf_mw module-divider tb_cmoe614 solid  divider-custom divider-left\" style=\"border-width: 1px;border-color: #82bd4a;margin-top: 20px;margin-bottom: 20px;width: 300px;\" data-lazy=\"1\">\n    <\/div>\n<!-- \/module divider -->\n<!-- module text -->\n<div  class=\"module module-text tb_ec3y930   \" data-lazy=\"1\">\n        <div  class=\"tb_text_wrap\">\n        <p><strong>Nasiona<\/strong><\/p>\n<ul>\n<li>bez glutenu (poni\u017cej 20ppm) lub z glutenem<\/li>\n<\/ul>    <\/div>\n<\/div>\n<!-- \/module text -->        <\/div>\n                    <\/div>\n                <\/div>\n                        <\/div>\n        <\/div>\n                        <div  data-css_id=\"7wa9542\" data-lazy=\"1\" class=\"module_row themify_builder_row fullwidth tb_7wa9542 tf_w\">\n                        <div class=\"row_inner col_align_top tb_col_count_2 tf_box tf_rel\">\n                        <div  data-lazy=\"1\" class=\"module_column tb-column col4-2 tb_lgr0542 first\">\n                    <!-- module buttons -->\n<div  class=\"module module-buttons tb_rknz542 buttons-horizontal solid  \" data-lazy=\"1\">\n        <div class=\"module-buttons-item tf_in_flx\">\n                        <a href=\"#\" class=\"ui builder_button tf_in_flx transparent\" >\n                                    <em><svg  class=\"tf_fa tf-fas-angle-left\" aria-hidden=\"true\"><use href=\"#tf-fas-angle-left\"><\/use><\/svg><\/em>                                        Poprzedni produkt                                        <\/a>\n                <\/div>\n            <\/div>\n<!-- \/module buttons -->\n        <\/div>\n                    <div  data-lazy=\"1\" class=\"module_column tb-column col4-2 tb_wr1g542 last\">\n                    <!-- module buttons -->\n<div  class=\"module module-buttons tb_snjx542 buttons-horizontal solid  \" data-lazy=\"1\">\n        <div class=\"module-buttons-item tf_in_flx\">\n                        <a href=\"#\" class=\"ui builder_button tf_in_flx transparent\" >\n                                                Nast\u0119pny produkt                                        <em><svg  class=\"tf_fa tf-fas-angle-right\" aria-hidden=\"true\"><use href=\"#tf-fas-angle-right\"><\/use><\/svg><\/em>                            <\/a>\n                <\/div>\n            <\/div>\n<!-- \/module buttons -->\n        <\/div>\n                        <\/div>\n        <\/div>\n        <\/div>\n<!--\/themify_builder_content-->","protected":false},"excerpt":{"rendered":"<p>Brown linseed Zdj\u0119cie pogl\u0105dowe Linseed &#8211; a natural source of omega-3 and omega-6 fatty acids &#8211; is mainly used in baking and for oil pressing. Brown linseed, like other products offered by Bromex, comes from GMO-free crops. Oferta:\u00a0 w postaci nasion kruszonej Czysto\u015b\u0107:od 98% do 99.9% Pakowanie BB worki papierowe Nasiona bez glutenu (poni\u017cej 20ppm) [&hellip;]<\/p>\n","protected":false},"featured_media":2177,"comment_status":"open","ping_status":"closed","template":"","meta":[],"product_cat":[28,29],"product_tag":[],"class_list":{"0":"post-2175","1":"product","2":"type-product","3":"status-publish","4":"has-post-thumbnail","6":"product_cat-top-10","7":"product_cat-ziarno","8":"has-post-title","9":"has-post-date","10":"has-post-category","11":"has-post-tag","12":"has-post-comment","13":"has-post-author","14":"","16":"first","17":"instock","18":"shipping-taxable","19":"product-type-simple"},"builder_content":"<h1>Brown linseed<\/h1>\n<img src=\"https:\/\/bromex.srv19972.microhost.com.pl\/wp-content\/uploads\/2023\/10\/zdjecia-13v2.jpg\" title=\"zdjecia-13v2\" alt=\"zdjecia-13v2\" srcset=\"https:\/\/bromex.srv19972.microhost.com.pl\/wp-content\/uploads\/2023\/10\/zdjecia-13v2.jpg 558w, https:\/\/bromex.srv19972.microhost.com.pl\/wp-content\/uploads\/2023\/10\/zdjecia-13v2-300x300.jpg 300w, https:\/\/bromex.srv19972.microhost.com.pl\/wp-content\/uploads\/2023\/10\/zdjecia-13v2-150x150.jpg 150w, https:\/\/bromex.srv19972.microhost.com.pl\/wp-content\/uploads\/2023\/10\/zdjecia-13v2-24x24.jpg 24w, https:\/\/bromex.srv19972.microhost.com.pl\/wp-content\/uploads\/2023\/10\/zdjecia-13v2-36x36.jpg 36w, https:\/\/bromex.srv19972.microhost.com.pl\/wp-content\/uploads\/2023\/10\/zdjecia-13v2-48x48.jpg 48w, https:\/\/bromex.srv19972.microhost.com.pl\/wp-content\/uploads\/2023\/10\/zdjecia-13v2-100x100.jpg 100w, https:\/\/bromex.srv19972.microhost.com.pl\/wp-content\/uploads\/2023\/10\/zdjecia-13v2-175x175.jpg 175w, https:\/\/bromex.srv19972.microhost.com.pl\/wp-content\/uploads\/2023\/10\/zdjecia-13v2-600x600.jpg 600w\" sizes=\"(max-width: 558px) 100vw, 558px\" \/>\n<p>Zdj\u0119cie pogl\u0105dowe<\/p>\n<p>Linseed - a natural source of omega-3 and omega-6 fatty acids - is mainly used in baking and for oil pressing. Brown linseed, like other products offered by Bromex, comes from GMO-free crops.<\/p>\n<p><strong>Oferta:\u00a0<\/strong><\/p> <ul> <li>w postaci nasion<\/li> <li>kruszonej<\/li> <\/ul>\n\n<p><strong>Czysto\u015b\u0107:<\/strong><br>od 98% do 99.9%<\/p>\n\n<p><strong>Pakowanie<\/strong><\/p> <ul> <li>BB<\/li> <li>worki papierowe<\/li> <\/ul>\n\n<p><strong>Nasiona<\/strong><\/p> <ul> <li>bez glutenu (poni\u017cej 20ppm) lub z glutenem<\/li> <\/ul>\n<a href=\"#\" > <em><svg aria-hidden=\"true\"><use href=\"#tf-fas-angle-left\"><\/use><\/svg><\/em> Poprzedni produkt <\/a>\n<a href=\"#\" > Nast\u0119pny produkt <em><svg aria-hidden=\"true\"><use href=\"#tf-fas-angle-right\"><\/use><\/svg><\/em> <\/a>\n<p>Newsletter<\/p>\n<p>Dowiaduj si\u0119 o naszych nowo\u015bciach!<\/p>","_links":{"self":[{"href":"https:\/\/bromex.srv19972.microhost.com.pl\/en\/wp-json\/wp\/v2\/product\/2175","targetHints":{"allow":["GET"]}}],"collection":[{"href":"https:\/\/bromex.srv19972.microhost.com.pl\/en\/wp-json\/wp\/v2\/product"}],"about":[{"href":"https:\/\/bromex.srv19972.microhost.com.pl\/en\/wp-json\/wp\/v2\/types\/product"}],"replies":[{"embeddable":true,"href":"https:\/\/bromex.srv19972.microhost.com.pl\/en\/wp-json\/wp\/v2\/comments?post=2175"}],"wp:featuredmedia":[{"embeddable":true,"href":"https:\/\/bromex.srv19972.microhost.com.pl\/en\/wp-json\/wp\/v2\/media\/2177"}],"wp:attachment":[{"href":"https:\/\/bromex.srv19972.microhost.com.pl\/en\/wp-json\/wp\/v2\/media?parent=2175"}],"wp:term":[{"taxonomy":"product_cat","embeddable":true,"href":"https:\/\/bromex.srv19972.microhost.com.pl\/en\/wp-json\/wp\/v2\/product_cat?post=2175"},{"taxonomy":"product_tag","embeddable":true,"href":"https:\/\/bromex.srv19972.microhost.com.pl\/en\/wp-json\/wp\/v2\/product_tag?post=2175"}],"curies":[{"name":"wp","href":"https:\/\/api.w.org\/{rel}","templated":true}]}}